{"id":1214,"date":"2026-03-30T09:41:41","date_gmt":"2026-03-30T09:41:41","guid":{"rendered":"https:\/\/laujoies.com\/?post_type=product&#038;p=1214"},"modified":"2026-04-24T15:08:27","modified_gmt":"2026-04-24T15:08:27","slug":"aura-2-2","status":"publish","type":"product","link":"https:\/\/laujoies.com\/?product=aura-2-2","title":{"rendered":"Bra\u00e7alet Olympia"},"content":{"rendered":"<p>Olympia \u00e9s un bra\u00e7alet el\u00e0stic d&#8217;argila polim\u00e8rica i boletes de cristall trasparents.<\/p>\n<p>\u00c9s una explosi\u00f3 de color i vitalitat. Les boletes est\u00e0ndard fetes a m\u00e0 i s\u00f3n de color rosa, taronja i groc.<\/p>\n<p>El contrast entre la transpar\u00e8ncia i brillantor del vidre i la textura c\u00e0lida i artesanal de l\u2019argila crea una pe\u00e7a equilibrada, moderna i atemporal.<\/p>\n<p>Lleuger i c\u00f2mode de portar, \u00e9s ideal tant per al dia a dia com per donar un toc especial a qualsevol look.<\/p>\n<p>Cada bra\u00e7alet \u00e9s \u00fanic, ja que les peces d\u2019argila estan modelades manualment, aportant un car\u00e0cter exclusiu i aut\u00e8ntic.<\/p>\n","protected":false},"excerpt":{"rendered":"<p>Olympia \u00e9s un bra\u00e7alet el\u00e0stic d&#8217;argila polim\u00e8rica i boletes de cristall trasparents. \u00c9s una explosi\u00f3 de color i vitalitat. Les boletes est\u00e0ndard fetes a m\u00e0 i s\u00f3n de color rosa, taronja i groc. El contrast entre la transpar\u00e8ncia i brillantor del vidre i la textura c\u00e0lida i artesanal de l\u2019argila crea una pe\u00e7a equilibrada, moderna [&hellip;]<\/p>\n","protected":false},"featured_media":1217,"comment_status":"open","ping_status":"closed","template":"","meta":{"_monsterinsights_skip_tracking":false,"_monsterinsights_sitenote_active":false,"_monsterinsights_sitenote_note":"","_monsterinsights_sitenote_category":0},"product_brand":[],"product_cat":[45],"product_tag":[],"class_list":{"0":"post-1214","1":"product","2":"type-product","3":"status-publish","4":"has-post-thumbnail","6":"product_cat-bracalets","8":"first","9":"instock","10":"taxable","11":"shipping-taxable","12":"purchasable","13":"product-type-simple"},"aioseo_notices":[],"jetpack_sharing_enabled":true,"_links":{"self":[{"href":"https:\/\/laujoies.com\/index.php?rest_route=\/wp\/v2\/product\/1214","targetHints":{"allow":["GET"]}}],"collection":[{"href":"https:\/\/laujoies.com\/index.php?rest_route=\/wp\/v2\/product"}],"about":[{"href":"https:\/\/laujoies.com\/index.php?rest_route=\/wp\/v2\/types\/product"}],"replies":[{"embeddable":true,"href":"https:\/\/laujoies.com\/index.php?rest_route=%2Fwp%2Fv2%2Fcomments&post=1214"}],"wp:featuredmedia":[{"embeddable":true,"href":"https:\/\/laujoies.com\/index.php?rest_route=\/wp\/v2\/media\/1217"}],"wp:attachment":[{"href":"https:\/\/laujoies.com\/index.php?rest_route=%2Fwp%2Fv2%2Fmedia&parent=1214"}],"wp:term":[{"taxonomy":"product_brand","embeddable":true,"href":"https:\/\/laujoies.com\/index.php?rest_route=%2Fwp%2Fv2%2Fproduct_brand&post=1214"},{"taxonomy":"product_cat","embeddable":true,"href":"https:\/\/laujoies.com\/index.php?rest_route=%2Fwp%2Fv2%2Fproduct_cat&post=1214"},{"taxonomy":"product_tag","embeddable":true,"href":"https:\/\/laujoies.com\/index.php?rest_route=%2Fwp%2Fv2%2Fproduct_tag&post=1214"}],"curies":[{"name":"wp","href":"https:\/\/api.w.org\/{rel}","templated":true}]}}