{"id":1307,"date":"2026-04-12T07:53:23","date_gmt":"2026-04-12T07:53:23","guid":{"rendered":"https:\/\/laujoies.com\/?post_type=product&#038;p=1307"},"modified":"2026-04-13T12:00:38","modified_gmt":"2026-04-13T12:00:38","slug":"magna-fringilla-2","status":"publish","type":"product","link":"https:\/\/laujoies.com\/?product=magna-fringilla-2","title":{"rendered":"Zoe"},"content":{"rendered":"","protected":false},"excerpt":{"rendered":"<p>Arracades amb un disseny ovalat amb ratlles vibrants en tons verd i rosa que aporten un toc fresc i divertit.<\/p>\n<p>El detall central en forma de cor retallat simbolitza l\u2019amor i la dol\u00e7or, s\u00f3n una pe\u00e7a divertida i plena de color que alegra el teu look.<\/p>\n<p>Lleugeres i c\u00f2modes, post d\u2019\u00e0cer inoxidable.<\/p>\n","protected":false},"featured_media":1324,"comment_status":"open","ping_status":"closed","template":"","meta":{"om_disable_all_campaigns":false,"_monsterinsights_skip_tracking":false,"_monsterinsights_sitenote_active":false,"_monsterinsights_sitenote_note":"","_monsterinsights_sitenote_category":0},"product_brand":[],"product_cat":[38],"product_tag":[],"class_list":{"0":"post-1307","1":"product","2":"type-product","3":"status-publish","4":"has-post-thumbnail","6":"product_cat-arracades-de-boto","8":"first","9":"instock","10":"taxable","11":"shipping-taxable","12":"purchasable","13":"product-type-simple"},"aioseo_notices":[],"jetpack_sharing_enabled":true,"_links":{"self":[{"href":"https:\/\/laujoies.com\/index.php?rest_route=\/wp\/v2\/product\/1307","targetHints":{"allow":["GET"]}}],"collection":[{"href":"https:\/\/laujoies.com\/index.php?rest_route=\/wp\/v2\/product"}],"about":[{"href":"https:\/\/laujoies.com\/index.php?rest_route=\/wp\/v2\/types\/product"}],"replies":[{"embeddable":true,"href":"https:\/\/laujoies.com\/index.php?rest_route=%2Fwp%2Fv2%2Fcomments&post=1307"}],"wp:featuredmedia":[{"embeddable":true,"href":"https:\/\/laujoies.com\/index.php?rest_route=\/wp\/v2\/media\/1324"}],"wp:attachment":[{"href":"https:\/\/laujoies.com\/index.php?rest_route=%2Fwp%2Fv2%2Fmedia&parent=1307"}],"wp:term":[{"taxonomy":"product_brand","embeddable":true,"href":"https:\/\/laujoies.com\/index.php?rest_route=%2Fwp%2Fv2%2Fproduct_brand&post=1307"},{"taxonomy":"product_cat","embeddable":true,"href":"https:\/\/laujoies.com\/index.php?rest_route=%2Fwp%2Fv2%2Fproduct_cat&post=1307"},{"taxonomy":"product_tag","embeddable":true,"href":"https:\/\/laujoies.com\/index.php?rest_route=%2Fwp%2Fv2%2Fproduct_tag&post=1307"}],"curies":[{"name":"wp","href":"https:\/\/api.w.org\/{rel}","templated":true}]}}