{"id":1331,"date":"2026-04-15T13:16:19","date_gmt":"2026-04-15T13:16:19","guid":{"rendered":"https:\/\/laujoies.com\/?post_type=product&#038;p=1331"},"modified":"2026-04-18T06:29:14","modified_gmt":"2026-04-18T06:29:14","slug":"consectetur-dipiscing-2-2-2","status":"publish","type":"product","link":"https:\/\/laujoies.com\/?product=consectetur-dipiscing-2-2-2","title":{"rendered":"Maxi Cloe"},"content":{"rendered":"","protected":false},"excerpt":{"rendered":"<p>Arracades fetes a m\u00e0 amb argila polim\u00e8rica en un intens to blau safir, pensades per aportar un toc elegant i contemporani a qualsevol look. El seu disseny geom\u00e8tric combina una pe\u00e7a circular superior amb un gran c\u00e8rcol central i una forma semicircular decorada amb petites ll\u00e0grimes penjants que aporten moviment i dinamisme.<\/p>\n<p>S\u00f3n lleugeres i c\u00f2modes de portar, ideals tant per al dia a dia com per a ocasions especials. La seva llargada de 6,6 cm les converteix en una pe\u00e7a vistosa per\u00f2 equilibrada, perfecta per destacar sense resultar excessiva.<\/p>\n<p>Cada parell \u00e9s \u00fanic, elaborat amb cura artesanal, cosa que els dona un car\u00e0cter especial i exclusiu.<\/p>\n","protected":false},"featured_media":1332,"comment_status":"open","ping_status":"closed","template":"","meta":{"_monsterinsights_skip_tracking":false,"_monsterinsights_sitenote_active":false,"_monsterinsights_sitenote_note":"","_monsterinsights_sitenote_category":0},"product_brand":[],"product_cat":[40],"product_tag":[],"class_list":{"0":"post-1331","1":"product","2":"type-product","3":"status-publish","4":"has-post-thumbnail","6":"product_cat-arracades-llargues","8":"first","9":"instock","10":"taxable","11":"shipping-taxable","12":"purchasable","13":"product-type-simple"},"aioseo_notices":[],"jetpack_sharing_enabled":true,"_links":{"self":[{"href":"https:\/\/laujoies.com\/index.php?rest_route=\/wp\/v2\/product\/1331","targetHints":{"allow":["GET"]}}],"collection":[{"href":"https:\/\/laujoies.com\/index.php?rest_route=\/wp\/v2\/product"}],"about":[{"href":"https:\/\/laujoies.com\/index.php?rest_route=\/wp\/v2\/types\/product"}],"replies":[{"embeddable":true,"href":"https:\/\/laujoies.com\/index.php?rest_route=%2Fwp%2Fv2%2Fcomments&post=1331"}],"wp:featuredmedia":[{"embeddable":true,"href":"https:\/\/laujoies.com\/index.php?rest_route=\/wp\/v2\/media\/1332"}],"wp:attachment":[{"href":"https:\/\/laujoies.com\/index.php?rest_route=%2Fwp%2Fv2%2Fmedia&parent=1331"}],"wp:term":[{"taxonomy":"product_brand","embeddable":true,"href":"https:\/\/laujoies.com\/index.php?rest_route=%2Fwp%2Fv2%2Fproduct_brand&post=1331"},{"taxonomy":"product_cat","embeddable":true,"href":"https:\/\/laujoies.com\/index.php?rest_route=%2Fwp%2Fv2%2Fproduct_cat&post=1331"},{"taxonomy":"product_tag","embeddable":true,"href":"https:\/\/laujoies.com\/index.php?rest_route=%2Fwp%2Fv2%2Fproduct_tag&post=1331"}],"curies":[{"name":"wp","href":"https:\/\/api.w.org\/{rel}","templated":true}]}}