{"id":1626,"date":"2026-04-23T15:57:45","date_gmt":"2026-04-23T15:57:45","guid":{"rendered":"https:\/\/laujoies.com\/?post_type=product&#038;p=1626"},"modified":"2026-04-23T15:57:45","modified_gmt":"2026-04-23T15:57:45","slug":"kompos-vermell","status":"publish","type":"product","link":"https:\/\/laujoies.com\/?product=kompos-vermell","title":{"rendered":"Kompos Vermell"},"content":{"rendered":"<p>Arracades K\u00f3mpos \u2014 Arracades en forma de nus. Una pe\u00e7a amb car\u00e0cter.<\/p>\n<p>Aquestes arracades en forma de nus estan elaborades amb argila polim\u00e8rica, modelades a m\u00e0 amb cura per aconseguir una forma suau, org\u00e0nica i lleugerament escult\u00f2rica.<\/p>\n<p>El seu disseny simbolitza connexi\u00f3 i continu\u00eftat, convertint-les en un accessori amb significat i estil.<\/p>\n<p>Llargada de 2,5 cm, tenen la mida perfecta per ser visibles sense resultar massa cridaneres.<\/p>\n","protected":false},"excerpt":{"rendered":"<p>Arracades K\u00f3mpos \u2014 Arracades en forma de nus. Una pe\u00e7a amb car\u00e0cter. Aquestes arracades en forma de nus estan elaborades amb argila polim\u00e8rica, modelades a m\u00e0 amb cura per aconseguir una forma suau, org\u00e0nica i lleugerament escult\u00f2rica. El seu disseny simbolitza connexi\u00f3 i continu\u00eftat, convertint-les en un accessori amb significat i estil. Llargada de 2,5 [&hellip;]<\/p>\n","protected":false},"featured_media":1059,"comment_status":"open","ping_status":"closed","template":"","meta":{"_monsterinsights_skip_tracking":false,"_monsterinsights_sitenote_active":false,"_monsterinsights_sitenote_note":"","_monsterinsights_sitenote_category":0},"product_brand":[],"product_cat":[38],"product_tag":[51,27,50,53,52],"class_list":{"0":"post-1626","1":"product","2":"type-product","3":"status-publish","4":"has-post-thumbnail","6":"product_cat-arracades-de-boto","7":"product_tag-argila-polimerica","8":"product_tag-arracades","9":"product_tag-arracades-nus","10":"product_tag-knot-earrings","11":"product_tag-lau-joies","13":"first","14":"instock","15":"taxable","16":"shipping-taxable","17":"purchasable","18":"product-type-variable"},"aioseo_notices":[],"jetpack_sharing_enabled":true,"_links":{"self":[{"href":"https:\/\/laujoies.com\/index.php?rest_route=\/wp\/v2\/product\/1626","targetHints":{"allow":["GET"]}}],"collection":[{"href":"https:\/\/laujoies.com\/index.php?rest_route=\/wp\/v2\/product"}],"about":[{"href":"https:\/\/laujoies.com\/index.php?rest_route=\/wp\/v2\/types\/product"}],"replies":[{"embeddable":true,"href":"https:\/\/laujoies.com\/index.php?rest_route=%2Fwp%2Fv2%2Fcomments&post=1626"}],"wp:featuredmedia":[{"embeddable":true,"href":"https:\/\/laujoies.com\/index.php?rest_route=\/wp\/v2\/media\/1059"}],"wp:attachment":[{"href":"https:\/\/laujoies.com\/index.php?rest_route=%2Fwp%2Fv2%2Fmedia&parent=1626"}],"wp:term":[{"taxonomy":"product_brand","embeddable":true,"href":"https:\/\/laujoies.com\/index.php?rest_route=%2Fwp%2Fv2%2Fproduct_brand&post=1626"},{"taxonomy":"product_cat","embeddable":true,"href":"https:\/\/laujoies.com\/index.php?rest_route=%2Fwp%2Fv2%2Fproduct_cat&post=1626"},{"taxonomy":"product_tag","embeddable":true,"href":"https:\/\/laujoies.com\/index.php?rest_route=%2Fwp%2Fv2%2Fproduct_tag&post=1626"}],"curies":[{"name":"wp","href":"https:\/\/api.w.org\/{rel}","templated":true}]}}